{"id":981,"date":"2026-04-04T10:43:59","date_gmt":"2026-04-04T10:43:59","guid":{"rendered":"https:\/\/mirozahradnik.com\/?page_id=981"},"modified":"2026-04-21T19:59:02","modified_gmt":"2026-04-21T19:59:02","slug":"kontakt","status":"publish","type":"page","link":"https:\/\/mirozahradnik.com\/en\/kontakt\/","title":{"rendered":"Contact"},"content":{"rendered":"<p><\/p>\n\n\n\n<div class=\"wp-block-media-text is-stacked-on-mobile\" style=\"margin-top:var(--wp--preset--spacing--80);margin-right:0;margin-bottom:var(--wp--preset--spacing--80);margin-left:0;padding-top:0;padding-right:0;padding-bottom:0;padding-left:0;grid-template-columns:25% auto\"><figure class=\"wp-block-media-text__media\"><img loading=\"lazy\" decoding=\"async\" width=\"1024\" height=\"1024\" src=\"https:\/\/mirozahradnik.com\/wp-content\/uploads\/2026\/04\/M.-Zahradnik-foto-1024x1024.jpg\" alt=\"m. zahradn\u00edk foto\" class=\"wp-image-1409 size-full\" title=\"Contact\" srcset=\"https:\/\/mirozahradnik.com\/wp-content\/uploads\/2026\/04\/M.-Zahradnik-foto-1024x1024.jpg 1024w, https:\/\/mirozahradnik.com\/wp-content\/uploads\/2026\/04\/M.-Zahradnik-foto-300x300.jpg 300w, https:\/\/mirozahradnik.com\/wp-content\/uploads\/2026\/04\/M.-Zahradnik-foto-150x150.jpg 150w, https:\/\/mirozahradnik.com\/wp-content\/uploads\/2026\/04\/M.-Zahradnik-foto-768x769.jpg 768w, https:\/\/mirozahradnik.com\/wp-content\/uploads\/2026\/04\/M.-Zahradnik-foto-12x12.jpg 12w, https:\/\/mirozahradnik.com\/wp-content\/uploads\/2026\/04\/M.-Zahradnik-foto.jpg 1203w\" sizes=\"auto, (max-width: 1024px) 100vw, 1024px\" \/><\/figure><div class=\"wp-block-media-text__content\">\n<p class=\"has-medium-font-size\" style=\"border-style:none;border-width:0px;margin-top:var(--wp--preset--spacing--30);margin-bottom:var(--wp--preset--spacing--30);padding-top:0;padding-right:0;padding-bottom:0;padding-left:0\"><strong>Mgr. Miroslav Zahradn\u00edk, PhD.<\/strong><\/p>\n\n\n\n<p class=\"has-medium-font-size\" style=\"border-style:none;border-width:0px;margin-top:0;margin-bottom:0;padding-top:var(--wp--preset--spacing--30);padding-right:0;padding-bottom:var(--wp--preset--spacing--30);padding-left:0\"><strong>mail: miro.zahradnik@gmail.com<\/strong><\/p>\n\n\n\n<p class=\"has-medium-font-size\" style=\"border-style:none;border-width:0px;margin-top:var(--wp--preset--spacing--20);margin-right:0;margin-bottom:var(--wp--preset--spacing--20);margin-left:0;padding-top:0;padding-right:0;padding-bottom:0;padding-left:0\"><strong>tel: +421908140637<\/strong><\/p>\n<\/div><\/div>\n\n\n\n<p class=\"has-medium-font-size\">For collaboration, teaching, or musical projects, you can contact me via email. I usually respond to messages within 24 hours.<\/p>\n\n\n\n<p><\/p>","protected":false},"excerpt":{"rendered":"<p>Mgr. Miroslav Zahradn\u00edk, PhD. mail: miro.zahradnik@gmail.com tel: +421908140637 Pre spolupr\u00e1cu, v\u00fdu\u010dbu alebo hudobn\u00e9 projekty ma m\u00f4\u017eete kontaktova\u0165 prostredn\u00edctvom e\u2011mailu. Na spr\u00e1vy odpoved\u00e1m zvy\u010dajne do 24 hod\u00edn.<\/p>","protected":false},"author":1,"featured_media":0,"parent":0,"menu_order":4,"comment_status":"closed","ping_status":"closed","template":"","meta":{"_uag_custom_page_level_css":"","_monsterinsights_skip_tracking":false,"_monsterinsights_sitenote_active":false,"_monsterinsights_sitenote_note":"","_monsterinsights_sitenote_category":0,"site-sidebar-layout":"default","site-content-layout":"","ast-site-content-layout":"default","site-content-style":"default","site-sidebar-style":"default","ast-global-header-display":"","ast-banner-title-visibility":"","ast-main-header-display":"","ast-hfb-above-header-display":"","ast-hfb-below-header-display":"","ast-hfb-mobile-header-display":"","site-post-title":"disabled","ast-breadcrumbs-content":"","ast-featured-img":"","footer-sml-layout":"","ast-disable-related-posts":"","theme-transparent-header-meta":"","adv-header-id-meta":"","stick-header-meta":"","header-above-stick-meta":"","header-main-stick-meta":"","header-below-stick-meta":"","astra-migrate-meta-layouts":"set","ast-page-background-enabled":"default","ast-page-background-meta":{"desktop":{"background-color":"","background-image":"","background-repeat":"repeat","background-position":"center center","background-size":"auto","background-attachment":"scroll","background-type":"","background-media":"","overlay-type":"","overlay-color":"","overlay-opacity":"","overlay-gradient":""},"tablet":{"background-color":"","background-image":"","background-repeat":"repeat","background-position":"center center","background-size":"auto","background-attachment":"scroll","background-type":"","background-media":"","overlay-type":"","overlay-color":"","overlay-opacity":"","overlay-gradient":""},"mobile":{"background-color":"","background-image":"","background-repeat":"repeat","background-position":"center center","background-size":"auto","background-attachment":"scroll","background-type":"","background-media":"","overlay-type":"","overlay-color":"","overlay-opacity":"","overlay-gradient":""}},"ast-content-background-meta":{"desktop":{"background-color":"var(--ast-global-color-5)","background-image":"","background-repeat":"repeat","background-position":"center center","background-size":"auto","background-attachment":"scroll","background-type":"","background-media":"","overlay-type":"","overlay-color":"","overlay-opacity":"","overlay-gradient":""},"tablet":{"background-color":"var(--ast-global-color-5)","background-image":"","background-repeat":"repeat","background-position":"center center","background-size":"auto","background-attachment":"scroll","background-type":"","background-media":"","overlay-type":"","overlay-color":"","overlay-opacity":"","overlay-gradient":""},"mobile":{"background-color":"var(--ast-global-color-5)","background-image":"","background-repeat":"repeat","background-position":"center center","background-size":"auto","background-attachment":"scroll","background-type":"","background-media":"","overlay-type":"","overlay-color":"","overlay-opacity":"","overlay-gradient":""}},"footnotes":""},"class_list":["post-981","page","type-page","status-publish","hentry"],"aioseo_notices":[],"uagb_featured_image_src":{"full":false,"thumbnail":false,"medium":false,"medium_large":false,"large":false,"1536x1536":false,"2048x2048":false,"trp-custom-language-flag":false},"uagb_author_info":{"display_name":"mirozahradnik","author_link":"https:\/\/mirozahradnik.com\/en\/author\/mirozahradnik\/"},"uagb_comment_info":0,"uagb_excerpt":"Mgr. Miroslav Zahradn\u00edk, PhD. mail: miro.zahradnik@gmail.com tel: +421908140637 Pre spolupr\u00e1cu, v\u00fdu\u010dbu alebo hudobn\u00e9 projekty ma m\u00f4\u017eete kontaktova\u0165 prostredn\u00edctvom e\u2011mailu. Na spr\u00e1vy odpoved\u00e1m zvy\u010dajne do 24 hod\u00edn.","_links":{"self":[{"href":"https:\/\/mirozahradnik.com\/en\/wp-json\/wp\/v2\/pages\/981","targetHints":{"allow":["GET"]}}],"collection":[{"href":"https:\/\/mirozahradnik.com\/en\/wp-json\/wp\/v2\/pages"}],"about":[{"href":"https:\/\/mirozahradnik.com\/en\/wp-json\/wp\/v2\/types\/page"}],"author":[{"embeddable":true,"href":"https:\/\/mirozahradnik.com\/en\/wp-json\/wp\/v2\/users\/1"}],"replies":[{"embeddable":true,"href":"https:\/\/mirozahradnik.com\/en\/wp-json\/wp\/v2\/comments?post=981"}],"version-history":[{"count":17,"href":"https:\/\/mirozahradnik.com\/en\/wp-json\/wp\/v2\/pages\/981\/revisions"}],"predecessor-version":[{"id":1520,"href":"https:\/\/mirozahradnik.com\/en\/wp-json\/wp\/v2\/pages\/981\/revisions\/1520"}],"wp:attachment":[{"href":"https:\/\/mirozahradnik.com\/en\/wp-json\/wp\/v2\/media?parent=981"}],"curies":[{"name":"wp","href":"https:\/\/api.w.org\/{rel}","templated":true}]}}