{"id":978,"date":"2026-04-04T10:43:58","date_gmt":"2026-04-04T10:43:58","guid":{"rendered":"https:\/\/mirozahradnik.com\/?page_id=978"},"modified":"2026-04-22T07:26:37","modified_gmt":"2026-04-22T07:26:37","slug":"uvod","status":"publish","type":"page","link":"https:\/\/mirozahradnik.com\/en\/uvod\/","title":{"rendered":"About Me"},"content":{"rendered":"<div class=\"wp-block-group is-horizontal is-layout-flex wp-block-group-is-layout-flex\">\n<div class=\"wp-block-columns is-layout-flex wp-container-core-columns-is-layout-28f84493 wp-block-columns-is-layout-flex\">\n<div class=\"wp-block-column is-layout-flow wp-block-column-is-layout-flow\" style=\"flex-basis:50%\">\n<p class=\"has-text-align-left\" style=\"margin-top:var(--wp--preset--spacing--60);margin-right:0;margin-bottom:var(--wp--preset--spacing--60);margin-left:0;font-size:35px;font-style:normal;font-weight:1000;letter-spacing:7px;line-height:1.7\"><strong><mark style=\"background-color:rgba(0, 0, 0, 0)\" class=\"has-inline-color has-ast-global-color-2-color\">MIROSLAV ZAHRADN\u00cdK<\/mark><\/strong><\/p>\n\n\n\n<details class=\"wp-block-details animated fadeInLeft has-medium-font-size\" style=\"border-style:none;border-width:0px;margin-top:0;margin-bottom:0\"><summary><strong><mark style=\"background-color:rgba(0, 0, 0, 0)\" class=\"has-inline-color has-ast-global-color-2-color is-layout-flow wp-container-core-details-is-layout-b7a159c5 wp-block-details-is-layout-flow\">Music educator, guitarist &amp; composer, musicologist<\/mark><\/strong><\/summary>\n<p><\/p>\n\n\n\n<p>*1975, Pova\u017esk\u00e1 Bystrica, Slovakia<\/p>\n\n\n\n<p>Musicologist, guitarist, music educator, and publicist. He graduated with honors in Musicology from the Faculty of Arts at Comenius University in Bratislava (2003) and completed his doctoral studies focused on the harmony of contemporary jazz (2018). He is currently studying jazz performance at the J\u00e1n Albrecht Music Academy in Bansk\u00e1 \u0160tiavnica.\n\nHe has been active as a guitar instructor since 2002 (jazz, rock, blues, improvisation, music theory), and since 2016 he has been teaching jazz guitar and jazz harmony at the Dezider Kardo\u0161 Private Conservatory in Topo\u013e\u010dany. As an educator, he has prepared several students for university studies both in Slovakia and abroad.<\/p>\n\n\n\n<p>He is actively involved in the Slovak music scene as a guitarist and composer. In his project <strong>jEzzSPRIT<\/strong> he blends jazz mainstream with elements of popular and classical music. His orchestral compositions <strong>Angel\u2019s Fantasy<\/strong> and <strong>Metamorphoses<\/strong> have reached the finals of a prestigious international competition. <strong>The UK Songwriting Contest (2016, 2025) in the instrumental category.<\/strong>As a music publicist, he collaborates with professional periodicals such as Hudobn\u00fd \u017eivot, Nov\u00fd Popul\u00e1r, Skjazz.sk, and others.<\/p>\n\n\n\n<p>At the university level, he has lectured on subjects focused on jazz harmony and ensemble performance. He is the author of the university textbook \u201cFundamentals of Jazz Harmony \u2013 Principles and Context\u201d (Comenius University Bratislava, 2018). Throughout his career, he has collaborated with a number of prominent Slovak and international musicians and has performed in various musical projects (<a href=\"https:\/\/slowhandproject.com\/nahravky\/\" target=\"_blank\" rel=\"noopener\"><strong><mark style=\"background-color:rgba(0, 0, 0, 0)\" class=\"has-inline-color has-ast-global-color-1-color\">SLOWHAND PROJECT<\/mark><\/strong><\/a>, <a href=\"https:\/\/zuzanasuchankova.com\/\" target=\"_blank\" rel=\"noopener\"><strong><mark style=\"background-color:rgba(0, 0, 0, 0)\" class=\"has-inline-color has-ast-global-color-1-color\">Zuzana Such\u00e1nkov\u00e1<\/mark><\/strong><\/a> Blues Band and Bossa Rosa...) spanning genres from jazz and blues to fusion.<\/p>\n<\/details>\n\n\n\n<p><\/p>\n\n\n\n<p class=\"has-text-align-left has-medium-font-size\" style=\"margin-top:0;margin-bottom:0\">Welcome to my world of music!<\/p>\n\n\n\n<p class=\"has-text-align-left has-medium-font-size\"><\/p>\n\n\n\n<p class=\"has-text-align-left has-medium-font-size\">Music is the language through which I tell stories \u2014 through my own compositions and creative improvisation. Teaching materials are the grammar that gives musical language its shape and meaning.<br>On this website, you will find examples of my musical, musicological, and pedagogical work.<\/p>\n\n\n\n<p class=\"has-text-align-left has-medium-font-size\"><\/p>\n<\/div>\n\n\n\n<div class=\"wp-block-column is-layout-flow wp-block-column-is-layout-flow\" style=\"flex-basis:50%\">\n<figure class=\"wp-block-image alignright size-full is-resized has-custom-border is-style-default animated fadeInRight wp-duotone-unset-1\" style=\"margin-top:var(--wp--preset--spacing--80);margin-right:var(--wp--preset--spacing--60);margin-bottom:var(--wp--preset--spacing--80);margin-left:var(--wp--preset--spacing--60)\"><img loading=\"lazy\" decoding=\"async\" width=\"1684\" height=\"1684\" src=\"https:\/\/mirozahradnik.com\/wp-content\/uploads\/2026\/04\/foto-Na-Web-mz-stvorec.jpg\" alt=\"foto na web mz \u0161tvorec\" class=\"wp-image-992\" style=\"border-style:none;border-width:0px;border-top-left-radius:0px;border-top-right-radius:0px;border-bottom-left-radius:0px;border-bottom-right-radius:0px;object-fit:cover;width:330px;height:auto\" title=\"About Me\" srcset=\"https:\/\/mirozahradnik.com\/wp-content\/uploads\/2026\/04\/foto-Na-Web-mz-stvorec.jpg 1684w, https:\/\/mirozahradnik.com\/wp-content\/uploads\/2026\/04\/foto-Na-Web-mz-stvorec-300x300.jpg 300w, https:\/\/mirozahradnik.com\/wp-content\/uploads\/2026\/04\/foto-Na-Web-mz-stvorec-1024x1024.jpg 1024w, https:\/\/mirozahradnik.com\/wp-content\/uploads\/2026\/04\/foto-Na-Web-mz-stvorec-150x150.jpg 150w, https:\/\/mirozahradnik.com\/wp-content\/uploads\/2026\/04\/foto-Na-Web-mz-stvorec-768x768.jpg 768w, https:\/\/mirozahradnik.com\/wp-content\/uploads\/2026\/04\/foto-Na-Web-mz-stvorec-1536x1536.jpg 1536w\" sizes=\"auto, (max-width: 1684px) 100vw, 1684px\" \/><\/figure>\n<\/div>\n<\/div>\n<\/div>\n\n\n\n<p><\/p>","protected":false},"excerpt":{"rendered":"<p>MIROSLAV ZAHRADN\u00cdK Vitajte v mojom svete hudby! Hudba je jazyk, ktor\u00fdm rozpr\u00e1vam pr\u00edbehy \u2013 cez vlastn\u00e9 kompoz\u00edcie a kreat\u00edvnu improviz\u00e1ciu. U\u010debn\u00e9 materi\u00e1ly s\u00fa gramatikou, ktor\u00e1 hudobn\u00e9mu jazyku d\u00e1va tvar a zmysel.Na tejto str\u00e1nke n\u00e1jdete uk\u00e1\u017eky mojej hudobnej, muzikologickej aj pedagogickej pr\u00e1ce.<\/p>","protected":false},"author":1,"featured_media":0,"parent":0,"menu_order":1,"comment_status":"closed","ping_status":"closed","template":"","meta":{"_uag_custom_page_level_css":"","_monsterinsights_skip_tracking":false,"_monsterinsights_sitenote_active":false,"_monsterinsights_sitenote_note":"","_monsterinsights_sitenote_category":0,"site-sidebar-layout":"default","site-content-layout":"","ast-site-content-layout":"default","site-content-style":"default","site-sidebar-style":"default","ast-global-header-display":"","ast-banner-title-visibility":"","ast-main-header-display":"","ast-hfb-above-header-display":"","ast-hfb-below-header-display":"","ast-hfb-mobile-header-display":"","site-post-title":"disabled","ast-breadcrumbs-content":"","ast-featured-img":"","footer-sml-layout":"","ast-disable-related-posts":"","theme-transparent-header-meta":"","adv-header-id-meta":"","stick-header-meta":"","header-above-stick-meta":"","header-main-stick-meta":"","header-below-stick-meta":"","astra-migrate-meta-layouts":"set","ast-page-background-enabled":"default","ast-page-background-meta":{"desktop":{"background-color":"","background-image":"","background-repeat":"repeat","background-position":"center center","background-size":"auto","background-attachment":"scroll","background-type":"","background-media":"","overlay-type":"","overlay-color":"","overlay-opacity":"","overlay-gradient":""},"tablet":{"background-color":"","background-image":"","background-repeat":"repeat","background-position":"center center","background-size":"auto","background-attachment":"scroll","background-type":"","background-media":"","overlay-type":"","overlay-color":"","overlay-opacity":"","overlay-gradient":""},"mobile":{"background-color":"","background-image":"","background-repeat":"repeat","background-position":"center center","background-size":"auto","background-attachment":"scroll","background-type":"","background-media":"","overlay-type":"","overlay-color":"","overlay-opacity":"","overlay-gradient":""}},"ast-content-background-meta":{"desktop":{"background-color":"var(--ast-global-color-5)","background-image":"","background-repeat":"repeat","background-position":"center center","background-size":"auto","background-attachment":"scroll","background-type":"","background-media":"","overlay-type":"","overlay-color":"","overlay-opacity":"","overlay-gradient":""},"tablet":{"background-color":"var(--ast-global-color-5)","background-image":"","background-repeat":"repeat","background-position":"center center","background-size":"auto","background-attachment":"scroll","background-type":"","background-media":"","overlay-type":"","overlay-color":"","overlay-opacity":"","overlay-gradient":""},"mobile":{"background-color":"var(--ast-global-color-5)","background-image":"","background-repeat":"repeat","background-position":"center center","background-size":"auto","background-attachment":"scroll","background-type":"","background-media":"","overlay-type":"","overlay-color":"","overlay-opacity":"","overlay-gradient":""}},"footnotes":""},"class_list":["post-978","page","type-page","status-publish","hentry"],"aioseo_notices":[],"uagb_featured_image_src":{"full":false,"thumbnail":false,"medium":false,"medium_large":false,"large":false,"1536x1536":false,"2048x2048":false,"trp-custom-language-flag":false},"uagb_author_info":{"display_name":"mirozahradnik","author_link":"https:\/\/mirozahradnik.com\/en\/author\/mirozahradnik\/"},"uagb_comment_info":0,"uagb_excerpt":"MIROSLAV ZAHRADN\u00cdK Vitajte v mojom svete hudby! Hudba je jazyk, ktor\u00fdm rozpr\u00e1vam pr\u00edbehy \u2013 cez vlastn\u00e9 kompoz\u00edcie a kreat\u00edvnu improviz\u00e1ciu. U\u010debn\u00e9 materi\u00e1ly s\u00fa gramatikou, ktor\u00e1 hudobn\u00e9mu jazyku d\u00e1va tvar a zmysel.Na tejto str\u00e1nke n\u00e1jdete uk\u00e1\u017eky mojej hudobnej, muzikologickej aj pedagogickej pr\u00e1ce.","_links":{"self":[{"href":"https:\/\/mirozahradnik.com\/en\/wp-json\/wp\/v2\/pages\/978","targetHints":{"allow":["GET"]}}],"collection":[{"href":"https:\/\/mirozahradnik.com\/en\/wp-json\/wp\/v2\/pages"}],"about":[{"href":"https:\/\/mirozahradnik.com\/en\/wp-json\/wp\/v2\/types\/page"}],"author":[{"embeddable":true,"href":"https:\/\/mirozahradnik.com\/en\/wp-json\/wp\/v2\/users\/1"}],"replies":[{"embeddable":true,"href":"https:\/\/mirozahradnik.com\/en\/wp-json\/wp\/v2\/comments?post=978"}],"version-history":[{"count":52,"href":"https:\/\/mirozahradnik.com\/en\/wp-json\/wp\/v2\/pages\/978\/revisions"}],"predecessor-version":[{"id":1628,"href":"https:\/\/mirozahradnik.com\/en\/wp-json\/wp\/v2\/pages\/978\/revisions\/1628"}],"wp:attachment":[{"href":"https:\/\/mirozahradnik.com\/en\/wp-json\/wp\/v2\/media?parent=978"}],"curies":[{"name":"wp","href":"https:\/\/api.w.org\/{rel}","templated":true}]}}